{"id":7,"date":"2023-09-20T08:37:56","date_gmt":"2023-09-20T06:37:56","guid":{"rendered":"https:\/\/www.filmen-lernen.com\/tr\/?page_id=7"},"modified":"2023-09-21T11:18:35","modified_gmt":"2023-09-21T09:18:35","slug":"home","status":"publish","type":"page","link":"https:\/\/www.filmen-lernen.com\/tr\/","title":{"rendered":"Home"},"content":{"rendered":"","protected":false},"excerpt":{"rendered":"","protected":false},"author":1,"featured_media":0,"parent":0,"menu_order":0,"comment_status":"closed","ping_status":"closed","template":"","meta":{"footnotes":""},"class_list":["post-7","page","type-page","status-publish","hentry"],"yoast_head":"<!-- This site is optimized with the Yoast SEO plugin v21.2 - https:\/\/yoast.com\/wordpress\/plugins\/seo\/ -->\n<title>Film Yap\u0131m\u0131 ve Film \u00c7ekimi \u00d6\u011fren | Filmen-Lernen.com<\/title>\n<meta name=\"description\" content=\"Film Yap\u0131m\u0131 \u2705 Film \u00c7ekimi \u2705 Video Editleme \u2705 Buraya t\u0131kla ve Film Yap\u0131m\u0131 ve Videografi hakk\u0131nda her \u015feyi \u00f6\u011fren!\" \/>\n<meta name=\"robots\" content=\"index, follow, max-snippet:-1, max-image-preview:large, max-video-preview:-1\" \/>\n<link rel=\"canonical\" href=\"https:\/\/www.filmen-lernen.com\/tr\/\" \/>\n<meta property=\"og:locale\" content=\"de_DE\" \/>\n<meta property=\"og:type\" content=\"article\" \/>\n<meta property=\"og:title\" content=\"Film Yap\u0131m\u0131 ve Film \u00c7ekimi \u00d6\u011fren | Filmen-Lernen.com\" \/>\n<meta property=\"og:description\" content=\"Film Yap\u0131m\u0131 \u2705 Film \u00c7ekimi \u2705 Video Editleme \u2705 Buraya t\u0131kla ve Film Yap\u0131m\u0131 ve Videografi hakk\u0131nda her \u015feyi \u00f6\u011fren!\" \/>\n<meta property=\"og:url\" content=\"https:\/\/www.filmen-lernen.com\/tr\/\" \/>\n<meta property=\"og:site_name\" content=\"Filmen-Lernen.com\" \/>\n<meta property=\"article:modified_time\" content=\"2023-09-21T09:18:35+00:00\" \/>\n<meta name=\"twitter:card\" content=\"summary_large_image\" \/>\n<script type=\"application\/ld+json\" class=\"yoast-schema-graph\">{\"@context\":\"https:\/\/schema.org\",\"@graph\":[{\"@type\":\"WebPage\",\"@id\":\"https:\/\/www.filmen-lernen.com\/tr\/\",\"url\":\"https:\/\/www.filmen-lernen.com\/tr\/\",\"name\":\"Film Yap\u0131m\u0131 ve Film \u00c7ekimi \u00d6\u011fren | Filmen-Lernen.com\",\"isPartOf\":{\"@id\":\"https:\/\/www.filmen-lernen.com\/tr\/#website\"},\"datePublished\":\"2023-09-20T06:37:56+00:00\",\"dateModified\":\"2023-09-21T09:18:35+00:00\",\"description\":\"Film Yap\u0131m\u0131 \u2705 Film \u00c7ekimi \u2705 Video Editleme \u2705 Buraya t\u0131kla ve Film Yap\u0131m\u0131 ve Videografi hakk\u0131nda her \u015feyi \u00f6\u011fren!\",\"breadcrumb\":{\"@id\":\"https:\/\/www.filmen-lernen.com\/tr\/#breadcrumb\"},\"inLanguage\":\"de-DE\",\"potentialAction\":[{\"@type\":\"ReadAction\",\"target\":[\"https:\/\/www.filmen-lernen.com\/tr\/\"]}]},{\"@type\":\"BreadcrumbList\",\"@id\":\"https:\/\/www.filmen-lernen.com\/tr\/#breadcrumb\",\"itemListElement\":[{\"@type\":\"ListItem\",\"position\":1,\"name\":\"Home\",\"item\":\"https:\/\/www.filmen-lernen.com\/tr\/\"},{\"@type\":\"ListItem\",\"position\":2,\"name\":\"Home\"}]},{\"@type\":\"WebSite\",\"@id\":\"https:\/\/www.filmen-lernen.com\/tr\/#website\",\"url\":\"https:\/\/www.filmen-lernen.com\/tr\/\",\"name\":\"Filmen-Lernen.com\",\"description\":\"\",\"potentialAction\":[{\"@type\":\"SearchAction\",\"target\":{\"@type\":\"EntryPoint\",\"urlTemplate\":\"https:\/\/www.filmen-lernen.com\/tr\/?s={search_term_string}\"},\"query-input\":\"required name=search_term_string\"}],\"inLanguage\":\"de-DE\"}]}<\/script>\n<!-- \/ Yoast SEO plugin. -->","yoast_head_json":{"title":"Film Yap\u0131m\u0131 ve Film \u00c7ekimi \u00d6\u011fren | Filmen-Lernen.com","description":"Film Yap\u0131m\u0131 \u2705 Film \u00c7ekimi \u2705 Video Editleme \u2705 Buraya t\u0131kla ve Film Yap\u0131m\u0131 ve Videografi hakk\u0131nda her \u015feyi \u00f6\u011fren!","robots":{"index":"index","follow":"follow","max-snippet":"max-snippet:-1","max-image-preview":"max-image-preview:large","max-video-preview":"max-video-preview:-1"},"canonical":"https:\/\/www.filmen-lernen.com\/tr\/","og_locale":"de_DE","og_type":"article","og_title":"Film Yap\u0131m\u0131 ve Film \u00c7ekimi \u00d6\u011fren | Filmen-Lernen.com","og_description":"Film Yap\u0131m\u0131 \u2705 Film \u00c7ekimi \u2705 Video Editleme \u2705 Buraya t\u0131kla ve Film Yap\u0131m\u0131 ve Videografi hakk\u0131nda her \u015feyi \u00f6\u011fren!","og_url":"https:\/\/www.filmen-lernen.com\/tr\/","og_site_name":"Filmen-Lernen.com","article_modified_time":"2023-09-21T09:18:35+00:00","twitter_card":"summary_large_image","schema":{"@context":"https:\/\/schema.org","@graph":[{"@type":"WebPage","@id":"https:\/\/www.filmen-lernen.com\/tr\/","url":"https:\/\/www.filmen-lernen.com\/tr\/","name":"Film Yap\u0131m\u0131 ve Film \u00c7ekimi \u00d6\u011fren | Filmen-Lernen.com","isPartOf":{"@id":"https:\/\/www.filmen-lernen.com\/tr\/#website"},"datePublished":"2023-09-20T06:37:56+00:00","dateModified":"2023-09-21T09:18:35+00:00","description":"Film Yap\u0131m\u0131 \u2705 Film \u00c7ekimi \u2705 Video Editleme \u2705 Buraya t\u0131kla ve Film Yap\u0131m\u0131 ve Videografi hakk\u0131nda her \u015feyi \u00f6\u011fren!","breadcrumb":{"@id":"https:\/\/www.filmen-lernen.com\/tr\/#breadcrumb"},"inLanguage":"de-DE","potentialAction":[{"@type":"ReadAction","target":["https:\/\/www.filmen-lernen.com\/tr\/"]}]},{"@type":"BreadcrumbList","@id":"https:\/\/www.filmen-lernen.com\/tr\/#breadcrumb","itemListElement":[{"@type":"ListItem","position":1,"name":"Home","item":"https:\/\/www.filmen-lernen.com\/tr\/"},{"@type":"ListItem","position":2,"name":"Home"}]},{"@type":"WebSite","@id":"https:\/\/www.filmen-lernen.com\/tr\/#website","url":"https:\/\/www.filmen-lernen.com\/tr\/","name":"Filmen-Lernen.com","description":"","potentialAction":[{"@type":"SearchAction","target":{"@type":"EntryPoint","urlTemplate":"https:\/\/www.filmen-lernen.com\/tr\/?s={search_term_string}"},"query-input":"required name=search_term_string"}],"inLanguage":"de-DE"}]}},"acf":[],"_links":{"self":[{"href":"https:\/\/www.filmen-lernen.com\/tr\/index.php?rest_route=\/wp\/v2\/pages\/7","targetHints":{"allow":["GET"]}}],"collection":[{"href":"https:\/\/www.filmen-lernen.com\/tr\/index.php?rest_route=\/wp\/v2\/pages"}],"about":[{"href":"https:\/\/www.filmen-lernen.com\/tr\/index.php?rest_route=\/wp\/v2\/types\/page"}],"author":[{"embeddable":true,"href":"https:\/\/www.filmen-lernen.com\/tr\/index.php?rest_route=\/wp\/v2\/users\/1"}],"replies":[{"embeddable":true,"href":"https:\/\/www.filmen-lernen.com\/tr\/index.php?rest_route=%2Fwp%2Fv2%2Fcomments&post=7"}],"version-history":[{"count":1,"href":"https:\/\/www.filmen-lernen.com\/tr\/index.php?rest_route=\/wp\/v2\/pages\/7\/revisions"}],"predecessor-version":[{"id":17,"href":"https:\/\/www.filmen-lernen.com\/tr\/index.php?rest_route=\/wp\/v2\/pages\/7\/revisions\/17"}],"wp:attachment":[{"href":"https:\/\/www.filmen-lernen.com\/tr\/index.php?rest_route=%2Fwp%2Fv2%2Fmedia&parent=7"}],"curies":[{"name":"wp","href":"https:\/\/api.w.org\/{rel}","templated":true}]}}